{"id":2,"date":"2019-07-10T12:48:09","date_gmt":"2019-07-10T10:48:09","guid":{"rendered":"http:\/\/www.123qweqwe.pl\/?page_id=2"},"modified":"2023-03-27T17:53:33","modified_gmt":"2023-03-27T15:53:33","slug":"przykladowa-strona","status":"publish","type":"page","link":"https:\/\/www.ksysk.pl\/?page_id=2","title":{"rendered":"O nas"},"content":{"rendered":"<p>Firma KsysK zosta\u0142a za\u0142o\u017cona w 2008 roku i od tamtej pory zyska\u0142a uznanie jako jedna z wiod\u0105cych firm informatycznych w Polsce. Na pocz\u0105tku swojej dzia\u0142alno\u015bci firma stawia\u0142a sobie za cel dostarczanie najwy\u017cszej jako\u015bci us\u0142ug informatycznych dla klient\u00f3w z r\u00f3\u017cnych bran\u017c.<\/p>\n<p>Obecnie firma KsysK skupia si\u0119 na rozwijaniu nowych technologii i zapewnianiu klientom kompleksowych rozwi\u0105za\u0144 informatycznych, kt\u00f3re pomagaj\u0105 w osi\u0105ganiu biznesowych cel\u00f3w. Misj\u0105 firmy jest dostarczanie innowacyjnych i elastycznych rozwi\u0105za\u0144 informatycznych, kt\u00f3re spe\u0142niaj\u0105 potrzeby klient\u00f3w i pozwalaj\u0105 im na osi\u0105ganie sukces\u00f3w.<\/p>\n<p>Warto\u015bciami, jakie reprezentuje firma KsysK, s\u0105 zaanga\u017cowanie, profesjonalizm, elastyczno\u015b\u0107 i innowacyjno\u015b\u0107. Firma sk\u0142ada si\u0119 z zespo\u0142u do\u015bwiadczonych specjalist\u00f3w, kt\u00f3rzy maj\u0105 za sob\u0105 wiele lat praktyki i posiadaj\u0105 bogate do\u015bwiadczenie w bran\u017cy IT.<\/p>\n","protected":false},"excerpt":{"rendered":"<p>Firma KsysK zosta\u0142a za\u0142o\u017cona w 2008 roku i od tamtej pory zyska\u0142a uznanie jako jedna z wiod\u0105cych firm informatycznych w Polsce. Na pocz\u0105tku swojej dzia\u0142alno\u015bci firma stawia\u0142a sobie za cel dostarczanie najwy\u017cszej jako\u015bci us\u0142ug informatycznych dla klient\u00f3w z r\u00f3\u017cnych bran\u017c. Obecnie firma KsysK skupia si\u0119 na rozwijaniu nowych technologii i zapewnianiu klientom kompleksowych rozwi\u0105za\u0144 informatycznych, [&hellip;]<\/p>\n","protected":false},"author":1,"featured_media":0,"parent":0,"menu_order":0,"comment_status":"closed","ping_status":"closed","template":"","meta":{"footnotes":""},"class_list":["post-2","page","type-page","status-publish","hentry"],"yoast_head":"<!-- This site is optimized with the Yoast SEO plugin v27.4 - https:\/\/yoast.com\/product\/yoast-seo-wordpress\/ -->\n<title>O nas - KsysK<\/title>\n<meta name=\"robots\" content=\"index, follow, max-snippet:-1, max-image-preview:large, max-video-preview:-1\" \/>\n<link rel=\"canonical\" href=\"https:\/\/www.ksysk.pl\/?page_id=2\" \/>\n<meta property=\"og:locale\" content=\"pl_PL\" \/>\n<meta property=\"og:type\" content=\"article\" \/>\n<meta property=\"og:title\" content=\"O nas - KsysK\" \/>\n<meta property=\"og:description\" content=\"Firma KsysK zosta\u0142a za\u0142o\u017cona w 2008 roku i od tamtej pory zyska\u0142a uznanie jako jedna z wiod\u0105cych firm informatycznych w Polsce. Na pocz\u0105tku swojej dzia\u0142alno\u015bci firma stawia\u0142a sobie za cel dostarczanie najwy\u017cszej jako\u015bci us\u0142ug informatycznych dla klient\u00f3w z r\u00f3\u017cnych bran\u017c. Obecnie firma KsysK skupia si\u0119 na rozwijaniu nowych technologii i zapewnianiu klientom kompleksowych rozwi\u0105za\u0144 informatycznych, [&hellip;]\" \/>\n<meta property=\"og:url\" content=\"https:\/\/www.ksysk.pl\/?page_id=2\" \/>\n<meta property=\"og:site_name\" content=\"KsysK\" \/>\n<meta property=\"article:publisher\" content=\"https:\/\/www.facebook.com\/krzysztof.kunowski\" \/>\n<meta property=\"article:modified_time\" content=\"2023-03-27T15:53:33+00:00\" \/>\n<meta property=\"og:image\" content=\"https:\/\/www.ksysk.pl\/wp-content\/uploads\/2023\/04\/KsysK-Logo.png\" \/>\n\t<meta property=\"og:image:width\" content=\"1979\" \/>\n\t<meta property=\"og:image:height\" content=\"654\" \/>\n\t<meta property=\"og:image:type\" content=\"image\/png\" \/>\n<meta name=\"twitter:card\" content=\"summary_large_image\" \/>\n<meta name=\"twitter:label1\" content=\"Szacowany czas czytania\" \/>\n\t<meta name=\"twitter:data1\" content=\"1 minuta\" \/>\n<script type=\"application\/ld+json\" class=\"yoast-schema-graph\">{\"@context\":\"https:\\\/\\\/schema.org\",\"@graph\":[{\"@type\":\"WebPage\",\"@id\":\"https:\\\/\\\/www.ksysk.pl\\\/?page_id=2\",\"url\":\"https:\\\/\\\/www.ksysk.pl\\\/?page_id=2\",\"name\":\"O nas - KsysK\",\"isPartOf\":{\"@id\":\"https:\\\/\\\/www.ksysk.pl\\\/#website\"},\"datePublished\":\"2019-07-10T10:48:09+00:00\",\"dateModified\":\"2023-03-27T15:53:33+00:00\",\"breadcrumb\":{\"@id\":\"https:\\\/\\\/www.ksysk.pl\\\/?page_id=2#breadcrumb\"},\"inLanguage\":\"pl-PL\",\"potentialAction\":[{\"@type\":\"ReadAction\",\"target\":[\"https:\\\/\\\/www.ksysk.pl\\\/?page_id=2\"]}]},{\"@type\":\"BreadcrumbList\",\"@id\":\"https:\\\/\\\/www.ksysk.pl\\\/?page_id=2#breadcrumb\",\"itemListElement\":[{\"@type\":\"ListItem\",\"position\":1,\"name\":\"Strona g\u0142\u00f3wna\",\"item\":\"https:\\\/\\\/www.ksysk.pl\\\/\"},{\"@type\":\"ListItem\",\"position\":2,\"name\":\"O nas\"}]},{\"@type\":\"WebSite\",\"@id\":\"https:\\\/\\\/www.ksysk.pl\\\/#website\",\"url\":\"https:\\\/\\\/www.ksysk.pl\\\/\",\"name\":\"KsysK\",\"description\":\"Systemy informatyczne\",\"publisher\":{\"@id\":\"https:\\\/\\\/www.ksysk.pl\\\/#organization\"},\"alternateName\":\"KsysK Krzysztof Kunowski\",\"potentialAction\":[{\"@type\":\"SearchAction\",\"target\":{\"@type\":\"EntryPoint\",\"urlTemplate\":\"https:\\\/\\\/www.ksysk.pl\\\/?s={search_term_string}\"},\"query-input\":{\"@type\":\"PropertyValueSpecification\",\"valueRequired\":true,\"valueName\":\"search_term_string\"}}],\"inLanguage\":\"pl-PL\"},{\"@type\":\"Organization\",\"@id\":\"https:\\\/\\\/www.ksysk.pl\\\/#organization\",\"name\":\"KsysK Krzysztof Kunowski\",\"url\":\"https:\\\/\\\/www.ksysk.pl\\\/\",\"logo\":{\"@type\":\"ImageObject\",\"inLanguage\":\"pl-PL\",\"@id\":\"https:\\\/\\\/www.ksysk.pl\\\/#\\\/schema\\\/logo\\\/image\\\/\",\"url\":\"http:\\\/\\\/www.ksysk.pl\\\/wp-content\\\/uploads\\\/2023\\\/04\\\/KsysK-Logo.png\",\"contentUrl\":\"http:\\\/\\\/www.ksysk.pl\\\/wp-content\\\/uploads\\\/2023\\\/04\\\/KsysK-Logo.png\",\"width\":1979,\"height\":654,\"caption\":\"KsysK Krzysztof Kunowski\"},\"image\":{\"@id\":\"https:\\\/\\\/www.ksysk.pl\\\/#\\\/schema\\\/logo\\\/image\\\/\"},\"sameAs\":[\"https:\\\/\\\/www.facebook.com\\\/krzysztof.kunowski\"]}]}<\/script>\n<!-- \/ Yoast SEO plugin. -->","yoast_head_json":{"title":"O nas - KsysK","robots":{"index":"index","follow":"follow","max-snippet":"max-snippet:-1","max-image-preview":"max-image-preview:large","max-video-preview":"max-video-preview:-1"},"canonical":"https:\/\/www.ksysk.pl\/?page_id=2","og_locale":"pl_PL","og_type":"article","og_title":"O nas - KsysK","og_description":"Firma KsysK zosta\u0142a za\u0142o\u017cona w 2008 roku i od tamtej pory zyska\u0142a uznanie jako jedna z wiod\u0105cych firm informatycznych w Polsce. Na pocz\u0105tku swojej dzia\u0142alno\u015bci firma stawia\u0142a sobie za cel dostarczanie najwy\u017cszej jako\u015bci us\u0142ug informatycznych dla klient\u00f3w z r\u00f3\u017cnych bran\u017c. Obecnie firma KsysK skupia si\u0119 na rozwijaniu nowych technologii i zapewnianiu klientom kompleksowych rozwi\u0105za\u0144 informatycznych, [&hellip;]","og_url":"https:\/\/www.ksysk.pl\/?page_id=2","og_site_name":"KsysK","article_publisher":"https:\/\/www.facebook.com\/krzysztof.kunowski","article_modified_time":"2023-03-27T15:53:33+00:00","og_image":[{"width":1979,"height":654,"url":"https:\/\/www.ksysk.pl\/wp-content\/uploads\/2023\/04\/KsysK-Logo.png","type":"image\/png"}],"twitter_card":"summary_large_image","twitter_misc":{"Szacowany czas czytania":"1 minuta"},"schema":{"@context":"https:\/\/schema.org","@graph":[{"@type":"WebPage","@id":"https:\/\/www.ksysk.pl\/?page_id=2","url":"https:\/\/www.ksysk.pl\/?page_id=2","name":"O nas - KsysK","isPartOf":{"@id":"https:\/\/www.ksysk.pl\/#website"},"datePublished":"2019-07-10T10:48:09+00:00","dateModified":"2023-03-27T15:53:33+00:00","breadcrumb":{"@id":"https:\/\/www.ksysk.pl\/?page_id=2#breadcrumb"},"inLanguage":"pl-PL","potentialAction":[{"@type":"ReadAction","target":["https:\/\/www.ksysk.pl\/?page_id=2"]}]},{"@type":"BreadcrumbList","@id":"https:\/\/www.ksysk.pl\/?page_id=2#breadcrumb","itemListElement":[{"@type":"ListItem","position":1,"name":"Strona g\u0142\u00f3wna","item":"https:\/\/www.ksysk.pl\/"},{"@type":"ListItem","position":2,"name":"O nas"}]},{"@type":"WebSite","@id":"https:\/\/www.ksysk.pl\/#website","url":"https:\/\/www.ksysk.pl\/","name":"KsysK","description":"Systemy informatyczne","publisher":{"@id":"https:\/\/www.ksysk.pl\/#organization"},"alternateName":"KsysK Krzysztof Kunowski","potentialAction":[{"@type":"SearchAction","target":{"@type":"EntryPoint","urlTemplate":"https:\/\/www.ksysk.pl\/?s={search_term_string}"},"query-input":{"@type":"PropertyValueSpecification","valueRequired":true,"valueName":"search_term_string"}}],"inLanguage":"pl-PL"},{"@type":"Organization","@id":"https:\/\/www.ksysk.pl\/#organization","name":"KsysK Krzysztof Kunowski","url":"https:\/\/www.ksysk.pl\/","logo":{"@type":"ImageObject","inLanguage":"pl-PL","@id":"https:\/\/www.ksysk.pl\/#\/schema\/logo\/image\/","url":"http:\/\/www.ksysk.pl\/wp-content\/uploads\/2023\/04\/KsysK-Logo.png","contentUrl":"http:\/\/www.ksysk.pl\/wp-content\/uploads\/2023\/04\/KsysK-Logo.png","width":1979,"height":654,"caption":"KsysK Krzysztof Kunowski"},"image":{"@id":"https:\/\/www.ksysk.pl\/#\/schema\/logo\/image\/"},"sameAs":["https:\/\/www.facebook.com\/krzysztof.kunowski"]}]}},"_links":{"self":[{"href":"https:\/\/www.ksysk.pl\/index.php?rest_route=\/wp\/v2\/pages\/2","targetHints":{"allow":["GET"]}}],"collection":[{"href":"https:\/\/www.ksysk.pl\/index.php?rest_route=\/wp\/v2\/pages"}],"about":[{"href":"https:\/\/www.ksysk.pl\/index.php?rest_route=\/wp\/v2\/types\/page"}],"author":[{"embeddable":true,"href":"https:\/\/www.ksysk.pl\/index.php?rest_route=\/wp\/v2\/users\/1"}],"replies":[{"embeddable":true,"href":"https:\/\/www.ksysk.pl\/index.php?rest_route=%2Fwp%2Fv2%2Fcomments&post=2"}],"version-history":[{"count":2,"href":"https:\/\/www.ksysk.pl\/index.php?rest_route=\/wp\/v2\/pages\/2\/revisions"}],"predecessor-version":[{"id":26,"href":"https:\/\/www.ksysk.pl\/index.php?rest_route=\/wp\/v2\/pages\/2\/revisions\/26"}],"wp:attachment":[{"href":"https:\/\/www.ksysk.pl\/index.php?rest_route=%2Fwp%2Fv2%2Fmedia&parent=2"}],"curies":[{"name":"wp","href":"https:\/\/api.w.org\/{rel}","templated":true}]}}